{"id":1425,"date":"2023-04-22T10:41:30","date_gmt":"2023-04-22T08:41:30","guid":{"rendered":"https:\/\/powereffect.eu\/verordnungen\/"},"modified":"2023-04-26T13:35:37","modified_gmt":"2023-04-26T11:35:37","slug":"verordnungen","status":"publish","type":"page","link":"https:\/\/powereffect.eu\/de\/verordnungen\/","title":{"rendered":"Verordnungen"},"content":{"rendered":"\t\t<div data-elementor-type=\"wp-page\" data-elementor-id=\"1425\" class=\"elementor elementor-1425 elementor-1416\">\n\t\t\t\t\t\t\t\t\t<section class=\"elementor-section elementor-top-section elementor-element elementor-element-5a826d0 elementor-section-boxed elementor-section-height-default elementor-section-height-default\" data-id=\"5a826d0\" data-element_type=\"section\" data-settings=\"{&quot;_ha_eqh_enable&quot;:false}\">\n\t\t\t\t\t\t<div class=\"elementor-container elementor-column-gap-default\">\n\t\t\t\t\t<div class=\"elementor-column elementor-col-100 elementor-top-column elementor-element elementor-element-b8b17df\" data-id=\"b8b17df\" data-element_type=\"column\">\n\t\t\t<div class=\"elementor-widget-wrap elementor-element-populated\">\n\t\t\t\t\t\t\t\t<div class=\"elementor-element elementor-element-d76655d elementor-widget elementor-widget-html\" data-id=\"d76655d\" data-element_type=\"widget\" data-widget_type=\"html.default\">\n\t\t\t\t<div class=\"elementor-widget-container\">\n\t\t\t\n<article><h1 class=\"page-title text-center\">Bedingungen der Dienstleistung<\/h1><h2>I. Allgemeine Begriffe<\/h2><ul><li><strong>Gesch\u00e4ftsordnung<\/strong> - diese Gesch\u00e4ftsordnung<\/li><li><strong>Service<\/strong> - die Website \"powereffect.eu\", die unter https:\/\/powereffect.eu\/ betrieben wird.<\/li><li><strong>Anbieter der Dienstleistung<\/strong> - die Firma \"Power Effect Europe s.r.o.\" mit eingetragener Gesch\u00e4ftsadresse: P\u0159\u00ed\u010dn\u00e1 1892\/4, 110 00 Nov\u00e9 M\u011bsto, Tschechische Republik, NIP: 17686288,  <\/li><li><strong>Kunde<\/strong> - jede nat\u00fcrliche Person, die auf die Website zugreift und die vom Dienstanbieter \u00fcber die Website angebotenen Dienste nutzt.<\/li><li><strong>Elektronische Kommunikation<\/strong> - Kommunikation zwischen den Parteien \u00fcber elektronische Post (E-Mail) und die auf der Website verf\u00fcgbaren Kontaktformulare.<\/li><\/ul><h2>II. Allgemeine Bestimmungen<\/h2><ul><li>Die Allgemeinen Gesch\u00e4ftsbedingungen regeln den Betrieb und die Nutzung der Website und legen die Rechte und Pflichten der Kunden und des Dienstleisters in Bezug auf die Nutzung der Website fest.<\/li><li>Gegenstand der Dienstleistungen des Diensteanbieters ist die kostenlose Bereitstellung von Werkzeugen in Form einer Website, die es dem Diensteanbieter erm\u00f6glichen, Zugang zu Inhalten in Form von Beitr\u00e4gen, Artikeln und audiovisuellem Material oder Webanwendungen und elektronischen Formularen zu bieten.<\/li><li>Eventuelle Inhalte, Artikel und Informationen, die Tipps oder Ratschl\u00e4ge enthalten, die auf der Website ver\u00f6ffentlicht werden, sind nur eine allgemeine Informationssammlung und richten sich nicht an einzelne Dienstleistungsempf\u00e4nger. Der Dienstanbieter ist nicht f\u00fcr deren Nutzung durch die Dienstleistungsempf\u00e4nger verantwortlich.<\/li><li>Der Empf\u00e4nger \u00fcbernimmt die volle Verantwortung f\u00fcr die Nutzung der auf der Website zur Verf\u00fcgung gestellten Materialien, einschlie\u00dflich der Nutzung in \u00dcbereinstimmung mit dem geltenden Recht.<\/li><li>Der Dienstanbieter \u00fcbernimmt keine Gew\u00e4hr f\u00fcr die Eignung des auf der Website eingestellten Materials.<\/li><li>Der Dienstanbieter haftet nicht f\u00fcr Sch\u00e4den, die den Dienstleistungsempf\u00e4ngern oder Dritten im Zusammenhang mit der Nutzung der Website entstehen. Alle Risiken, die mit der Nutzung der Website und insbesondere mit der Nutzung und Verwertung der auf der Website ver\u00f6ffentlichten Informationen verbunden sind, gehen zu Lasten des Kunden, der die Website nutzt.<\/li><\/ul><h2>III. Bedingungen f\u00fcr die Nutzung<\/h2><ul><li>Die Nutzung der Website durch jeden Dienstleistungsempf\u00e4nger ist kostenlos und freiwillig.<\/li><li>Die Dienstleistungsempf\u00e4nger m\u00fcssen die Allgemeinen Gesch\u00e4ftsbedingungen und die anderen Dokumente, die integraler Bestandteil der Allgemeinen Gesch\u00e4ftsbedingungen sind, lesen und sie vollst\u00e4ndig akzeptieren, um die Website weiterhin nutzen zu k\u00f6nnen.<\/li><li>Die Dienstleistungsempf\u00e4nger d\u00fcrfen die auf der Website erhaltenen personenbezogenen Daten nicht f\u00fcr Marketingzwecke verwenden.<\/li> <li>Technische Voraussetzungen f\u00fcr die Nutzung der Website:<ul><li>ein Ger\u00e4t mit einem Display, auf dem Webseiten angezeigt werden k\u00f6nnen,<\/li><li>Internetverbindung,<\/li><li>jeder Webbrowser, der Webseiten in \u00dcbereinstimmung mit den Standards und Bestimmungen des W3C-Konsortiums anzeigt und in HTML5 bereitgestellte Webseiten unterst\u00fctzt,<\/li><li>JavaScript aktiviert,<\/li><li>Cookies aktiviert<\/li><\/ul><\/li><li>Um die Sicherheit des Dienstanbieters, des Dienstleistungsempf\u00e4ngers und anderer Dienstleistungsempf\u00e4nger, die die Website nutzen, zu gew\u00e4hrleisten, sollten alle Dienstleistungsempf\u00e4nger, die die Website nutzen, die allgemein anerkannten <a href=\"https:\/\/nety.pl\/cyberbezpieczenstwo\/zasady-ogolne-korzystania-z-sieci-internet\/\">Grunds\u00e4tze der Netzwerksicherheit<\/a> einhalten,<\/li> <li>Handlungen, die von Dienstleistungsnutzern pers\u00f6nlich oder durch Oprorgamming durchgef\u00fchrt werden, sind verboten:<ul><li>ohne schriftliche Genehmigung die Dekompilierung und Analyse des Quellcodes,<\/li><li>ohne schriftliche Genehmigung eine \u00fcberm\u00e4\u00dfige Belastung des Servers des Dienstes verursachen,<\/li><li>ohne schriftliche Zustimmung versucht, Schwachstellen in der Sicherheit und der Serverkonfiguration des Dienstes zu entdecken,<\/li><li>zu versuchen, Code, Skripte und Software auf den Server und in die Datenbank hochzuladen oder einzuschleusen, die der Software der Website, anderen Dienstleistungsempf\u00e4ngern oder dem Dienstanbieter Schaden zuf\u00fcgen k\u00f6nnen,<\/li><li>zu versuchen, Code, Skripte und Software auf den Server und in die Datenbank hochzuladen oder zu injizieren, die Daten der Dienstleistungsempf\u00e4nger oder des Dienstleistungsanbieters zur\u00fcckverfolgen oder stehlen k\u00f6nnen,<\/li><li>Ma\u00dfnahmen zu ergreifen, um den Dienst zu besch\u00e4digen, den Betrieb zu blockieren oder zu verhindern, dass der Dienst seinen Zweck erf\u00fcllt.<\/li><\/ul><\/li><li>Im Falle der Entdeckung eines Cyber-Sicherheitsvorfalls oder eines m\u00f6glichen Vorfalls oder eines Versto\u00dfes gegen die RODO sollten die Dienstleistungsempf\u00e4nger dies in erster Linie dem Dienstleistungsanbieter melden, um das Problem\/die Bedrohung schnell zu beheben und die Interessen aller Dienstleistungsempf\u00e4nger zu wahren.<\/li><\/ul><h2>IV. Allgemeine Gesch\u00e4ftsbedingungen f\u00fcr den Newsletter-Service<\/h2><ul><li>Die Empf\u00e4nger des Dienstes k\u00f6nnen die Website nutzen, ohne sich f\u00fcr den Newsletter anzumelden.<\/li><li>Das Abonnement des Newsletter-Dienstes ist freiwillig.<\/li><li>Das Abonnement des Newsletter-Dienstes ist kostenlos.<\/li> <li>Technische Voraussetzungen f\u00fcr den Newsletter-Dienst:<ul><li>ein eigenes E-Mail-Konto zu haben,<\/li><\/ul><\/li> <li>Bedingungen und Konditionen des Newsletter-Dienstes:<ul><li>Bereitstellung eines individuellen E-Mail-Kontos in elektronischer Form,<\/li><li>Verifizierung des angegebenen E-Mail-Kontos durch Aktivierung des an dieses Konto gesendeten Links,<\/li><li>Zustimmung zum Erhalt von E-Mail-Benachrichtigungen,<\/li><\/ul><\/li> <li>Umfang des Newsletter-Dienstes:<ul><li>Benachrichtigung \u00fcber neue Nachrichten, Beitr\u00e4ge, Wettbewerbe und andere Werbeaktivit\u00e4ten im Zusammenhang mit den Dienstleistungen der Website,<\/li><li>Benachrichtigung \u00fcber Werbeaktivit\u00e4ten der Partner des Dienstes (Marketingbotschaften),<\/li><\/ul><\/li><li>Abmeldung vom Newsletter-Dienst:<ul><li>Jeder Kunde, der den Newsletter-Dienst abonniert hat, hat die M\u00f6glichkeit, sich selbst von diesem Dienst abzumelden.<\/li><li>Die Empf\u00e4nger der Dienste k\u00f6nnen dies \u00fcber einen in jeder E-Mail enthaltenen Link tun.<\/li><li>Die Abmeldung vom Newsletter-Service f\u00fchrt zur L\u00f6schung der angegebenen E-Mail-Adresse aus der Datenbank des Dienstanbieters.<\/li><\/ul><\/li><\/ul><h2>V. Bedingungen f\u00fcr die Kommunikation und die Erbringung anderer Dienstleistungen auf der Website<\/h2><ul><li>Die Website bietet Dienste und Tools, die es den Dienstleistungsempf\u00e4ngern erm\u00f6glichen, mit der Website zu interagieren, und zwar in Form von:<ul><li>Kontakt-Formular<\/li><li>Kommentare zu Beitr\u00e4gen und Artikeln<\/li><\/ul><\/li><li>Der Dienst bietet Kontaktinformationen in Form von:<ul><li>E-Mail Adresse<\/li><li>Telefonischer Kontakt<\/li><\/ul><\/li><li>Wenn ein Kunde mit dem Dienstleister Kontakt aufnimmt, werden seine personenbezogenen Daten gem\u00e4\u00df der<a href=\"https:\/\/powereffect.eu\/de\/datenschutzbestimmungen\/\">\"Datenschutzrichtlinie<\/a>\" verarbeitet, die Bestandteil der Allgemeinen Gesch\u00e4ftsbedingungen ist.<\/li><li>Bedingungen f\u00fcr die Ver\u00f6ffentlichung von Inhalten durch Dienstleistungsempf\u00e4nger auf der Website:<ul><li>Es ist verboten, auf der Website Inhalte zu ver\u00f6ffentlichen, die beleidigend oder verleumderisch gegen\u00fcber dem Dienstanbieter, anderen Dienstleistungsempf\u00e4ngern, Dritten und Dritten sind,<\/li><li>Es ist untersagt, auf der Website Texte, Grafiken, audiovisuelle Medien, Skripte, Programme und andere Werke zu ver\u00f6ffentlichen, f\u00fcr die der Kunde keine Lizenz besitzt oder deren Urheber der freien Ver\u00f6ffentlichung nicht zugestimmt hat,<\/li><li>Es ist verboten, in den Dienst vulg\u00e4re, pornografische, erotische und mit dem polnischen und europ\u00e4ischen Recht unvereinbare Inhalte sowie Links zu Seiten mit solchen Inhalten aufzunehmen,<\/li><li>Es ist verboten, auf der Website Skripte und Programme zu platzieren, die den Server \u00fcberlasten, illegale Software, Software zur Verletzung der Sicherheit und andere \u00e4hnliche Aktivit\u00e4ten sowie Links zu Websites, die solche Materialien enthalten,<\/li><li>Es ist verboten, auf der Website Inhalte zu platzieren, die andere kommerzielle Dienste, Produkte, Dienstleistungen oder kommerzielle Websites bewerben oder anpreisen.<\/li><\/ul><\/li><\/ul><h2>VI. Sammlung von Daten \u00fcber Kunden<\/h2><p>Damit der Dienstanbieter seine Dienste ordnungsgem\u00e4\u00df erbringen kann, um die rechtlichen Interessen des Dienstanbieters zu wahren und um sicherzustellen, dass der Dienstanbieter in \u00dcbereinstimmung mit dem geltenden Recht arbeitet, sammelt und verarbeitet der Dienstanbieter bestimmte Daten \u00fcber die Nutzer \u00fcber den Dienst.<\/p><p>Um ihre Dienste ordnungsgem\u00e4\u00df anbieten zu k\u00f6nnen, verwendet und speichert die Website bestimmte anonyme Informationen \u00fcber den Nutzer in Cookies.<\/p><p>Der Umfang, die Zwecke, die Art und Weise und die Grunds\u00e4tze der Datenverarbeitung sind in den Anh\u00e4ngen zu den Verordnungen zu finden:<a href=\"https:\/\/powereffect.eu\/de\/rodo\/\">\"RODO-Informationspflicht<\/a>\" und die<a href=\"https:\/\/powereffect.eu\/de\/datenschutzbestimmungen\/\">\"Datenschutzerkl\u00e4rung<\/a>\", die Bestandteil des Reglements sind.<\/p><ul><li><em>Automatisch erfasste Daten:<\/em><br>F\u00fcr den reibungslosen Betrieb der Website und f\u00fcr statistische Zwecke sammeln wir automatisch bestimmte Daten \u00fcber den Nutzer. Diese Daten umfassen:<ul><li>IP-Adresse<\/li><li>Browser-Typ<\/li><li>Bildschirmaufl\u00f6sung<\/li><li>Ungef\u00e4hrer Standort<\/li><li>Aufklappbare Unterseiten der Website<\/li><li>Verweildauer auf der entsprechenden Unterseite der Website<\/li><li>Art des Betriebssystems<\/li><li>Adresse der vorherigen Unterseite<\/li><li>Link-Adresse<\/li><li>Browser-Sprache<\/li><li>Geschwindigkeit der Internetverbindung<\/li><li>Internetdienstanbieter<\/li><li>Anonyme demografische Daten auf der Grundlage von Google Analytics-Daten:  <ul><li>Geschlecht<\/li><li>Alter<\/li><li>Interessen<\/li><\/ul><\/li><li>Anonyme Daten, die f\u00fcr die Bereitstellung von Werbung erforderlich sind:  <ul><li>Remarketing-Daten<\/li><li>Daten im Zusammenhang mit der Berichterstattung \u00fcber Display-Werbung<\/li><\/ul><\/li><\/ul><p>Die oben genannten Daten werden \u00fcber das Google-Analytics-Skript erhoben und sind anonym.<\/p><\/li><li><em>Daten, die bei der Anmeldung zum Newsletter erfasst werden:<\/em><br>E-Mail Adresse<\/li><\/ul><h2>VII. Urheberrecht<\/h2><ul><li>Der Dienstanbieter ist Eigent\u00fcmer der Website und besitzt das Urheberrecht an der Website.<\/li><li>Ein Teil der auf der Website ver\u00f6ffentlichten Daten ist urheberrechtlich gesch\u00fctzt und geh\u00f6rt Unternehmen, Institutionen und Dritten, die in keiner Weise mit dem Dienstanbieter verbunden sind, und wird unter erworbenen oder auf einer freien Lizenz basierenden Lizenzen verwendet.<\/li><li>Gem\u00e4\u00df dem Gesetz \u00fcber das Urheberrecht vom 4. Februar 1994 ist es verboten, Artikel, Beschreibungen, Fotos und andere Inhalte, Grafiken, Video- oder Audiomaterialien auf der Website ohne die schriftliche Zustimmung oder Genehmigung des Rechtsinhabers zu verwenden, zu kopieren, in irgendeiner Form zu reproduzieren oder in Suchsystemen zu speichern, mit Ausnahme der Suchmaschinen Google, Bing, Yahoo, NetSprint, DuckDuckGo, Facebook und LinkedIn.<\/li><li>Gem\u00e4\u00df dem Gesetz vom 4. Februar 1994 \u00fcber das Urheberrecht sind einfache Pressemitteilungen, die als blo\u00dfe Informationen ohne Kommentar oder Bewertung durch den Autor zu verstehen sind, nicht gesch\u00fctzt. Der Autor versteht dies so, dass er die Informationen aus den Texten auf der Website verwenden darf, aber die Artikel nicht mehr ganz oder teilweise kopieren darf, es sei denn, dies ist bei den einzelnen Materialien auf der Website angegeben.<\/li><\/ul><h2>VIII. \u00c4nderungen der Gesch\u00e4ftsordnung<\/h2><ul><li>Alle Bestimmungen der Allgemeinen Gesch\u00e4ftsbedingungen k\u00f6nnen vom Dienstanbieter jederzeit einseitig und ohne Angabe von Gr\u00fcnden ge\u00e4ndert werden.<\/li><li>Die \u00c4nderungen der Gesch\u00e4ftsordnung treten unmittelbar nach ihrer Ver\u00f6ffentlichung in Kraft.<\/li><li>Jeder Kunde, der die Website nach der \u00c4nderung der Gesch\u00e4ftsbedingungen weiter nutzt, wird so angesehen, als habe er sie in vollem Umfang akzeptiert.<\/li><\/ul><h2>IX. Schlussbestimmungen<\/h2><ul><li>Der Dienstanbieter haftet in keiner Weise, soweit dies nach geltendem Recht zul\u00e4ssig ist, f\u00fcr die von den Dienstleistungsempf\u00e4ngern \u00fcbermittelten und auf der Website ver\u00f6ffentlichten Inhalte, f\u00fcr deren Wahrheitsgehalt, Zuverl\u00e4ssigkeit, Authentizit\u00e4t oder rechtliche M\u00e4ngel.<\/li><li>Der Dienstanbieter wird sich bem\u00fchen, die Dienste der Website kontinuierlich anzubieten. Sie \u00fcbernimmt jedoch keine Haftung f\u00fcr St\u00f6rungen, die durch h\u00f6here Gewalt oder unbefugte Eingriffe von Leistungsempf\u00e4ngern, Dritten oder durch den Betrieb externer automatisierter Programme verursacht werden.<\/li><li>Der Dienstanbieter beh\u00e4lt sich das Recht vor, alle auf der Website ver\u00f6ffentlichten Informationen zu einem vom Dienstanbieter gew\u00e4hlten Zeitpunkt zu \u00e4ndern, ohne die Empf\u00e4nger der Dienstleistungen, die die Website nutzen, vorher dar\u00fcber zu informieren.<\/li><li>Der Dienstanbieter beh\u00e4lt sich das Recht vor, die Website vor\u00fcbergehend ganz oder teilweise zu schlie\u00dfen, um sie zu verbessern, neue Dienste hinzuzuf\u00fcgen oder Wartungsarbeiten durchzuf\u00fchren, ohne die Nutzer des Dienstes vorher dar\u00fcber zu informieren.<\/li><li>Der Dienstanbieter beh\u00e4lt sich das Recht vor, die Website dauerhaft und ohne vorherige Benachrichtigung der Dienstleistungsempf\u00e4nger abzuschalten.<\/li><li>Der Dienstanbieter beh\u00e4lt sich das Recht vor, seine Rechte und Pflichten im Zusammenhang mit der Website ganz oder teilweise abzutreten, ohne dass der Kunde dem zustimmen oder dagegen Einspruch erheben kann.<\/li><li>Die aktuellen und fr\u00fcheren Nutzungsbedingungen k\u00f6nnen auf dieser Unterseite unter den aktuellen Nutzungsbedingungen eingesehen werden.<\/li><li>F\u00fcr alle Angelegenheiten, die den Betrieb der Website betreffen, wenden Sie sich bitte an den Dienstanbieter, indem Sie eine der folgenden Kontaktm\u00f6glichkeiten nutzen:<ul><li>\u00dcber das auf der Website verf\u00fcgbare Kontaktformular<\/li><li>Senden Sie eine E-Mail an: office@powereffect.eu<\/li><li>Telefonisch: +420 606 180 580<\/li><\/ul>Kontaktaufnahme \u00fcber das angegebene Kommunikationsmittel ausschlie\u00dflich f\u00fcr Angelegenheiten im Zusammenhang mit dem Dienst.<\/li><\/ul><\/article>\n\t\t<\/div>\n\t\t\t\t<\/div>\n\t\t\t\t\t<\/div>\n\t\t<\/div>\n\t\t\t\t\t\t\t<\/div>\n\t\t<\/section>\n\t\t\t\t\t\t\t<\/div>\n\t\t","protected":false},"excerpt":{"rendered":"<p>Bedingungen der Dienstleistung I. Allgemeine Begriffe Gesch\u00e4ftsordnung &#8211; diese Gesch\u00e4ftsordnung Service &#8211; die Website &#8220;powereffect.eu&#8221;, die unter https:\/\/powereffect.eu\/ betrieben wird. Anbieter der Dienstleistung &#8211; die Firma &#8220;Power Effect Europe s.r.o.&#8221; mit eingetragener Gesch\u00e4ftsadresse: P\u0159\u00ed\u010dn\u00e1 1892\/4, 110 00 Nov\u00e9 M\u011bsto, Tschechische Republik, NIP: 17686288, Kunde &#8211; jede nat\u00fcrliche Person, die auf die Website zugreift und die [&hellip;]<\/p>\n","protected":false},"author":1,"featured_media":1227,"parent":0,"menu_order":0,"comment_status":"closed","ping_status":"closed","template":"","meta":{"footnotes":""},"class_list":["post-1425","page","type-page","status-publish","has-post-thumbnail","hentry"],"yoast_head":"<!-- This site is optimized with the Yoast SEO plugin v20.11 - https:\/\/yoast.com\/wordpress\/plugins\/seo\/ -->\n<title>Verordnungen - Power Effect Europe - Instalacje elektryczne<\/title>\n<meta name=\"description\" content=\"Hier finden Sie alle Einzelheiten zu den Bedingungen, die f\u00fcr unsere Website gelten. Denken Sie daran, die Regeln zu befolgen.\" \/>\n<meta name=\"robots\" content=\"index, follow, max-snippet:-1, max-image-preview:large, max-video-preview:-1\" \/>\n<link rel=\"canonical\" href=\"https:\/\/powereffect.eu\/de\/verordnungen\/\" \/>\n<meta property=\"og:locale\" content=\"de_DE\" \/>\n<meta property=\"og:type\" content=\"article\" \/>\n<meta property=\"og:title\" content=\"Verordnungen - Power Effect Europe - Instalacje elektryczne\" \/>\n<meta property=\"og:description\" content=\"Hier finden Sie alle Einzelheiten zu den Bedingungen, die f\u00fcr unsere Website gelten. Denken Sie daran, die Regeln zu befolgen.\" \/>\n<meta property=\"og:url\" content=\"https:\/\/powereffect.eu\/de\/verordnungen\/\" \/>\n<meta property=\"og:site_name\" content=\"Power Effect Europe - Instalacje elektryczne\" \/>\n<meta property=\"article:modified_time\" content=\"2023-04-26T11:35:37+00:00\" \/>\n<meta property=\"og:image\" content=\"https:\/\/powereffect.eu\/wp-content\/uploads\/2023\/04\/pomoc-w-dokumentach.webp\" \/>\n\t<meta property=\"og:image:width\" content=\"840\" \/>\n\t<meta property=\"og:image:height\" content=\"560\" \/>\n\t<meta property=\"og:image:type\" content=\"image\/webp\" \/>\n<meta name=\"twitter:card\" content=\"summary_large_image\" \/>\n<meta name=\"twitter:label1\" content=\"Gesch\u00e4tzte Lesezeit\" \/>\n\t<meta name=\"twitter:data1\" content=\"9\u00a0Minuten\" \/>\n<script type=\"application\/ld+json\" class=\"yoast-schema-graph\">{\"@context\":\"https:\/\/schema.org\",\"@graph\":[{\"@type\":\"WebPage\",\"@id\":\"https:\/\/powereffect.eu\/de\/verordnungen\/\",\"url\":\"https:\/\/powereffect.eu\/de\/verordnungen\/\",\"name\":\"Verordnungen - Power Effect Europe - Instalacje elektryczne\",\"isPartOf\":{\"@id\":\"https:\/\/powereffect.eu\/de\/#website\"},\"datePublished\":\"2023-04-22T08:41:30+00:00\",\"dateModified\":\"2023-04-26T11:35:37+00:00\",\"description\":\"Hier finden Sie alle Einzelheiten zu den Bedingungen, die f\u00fcr unsere Website gelten. Denken Sie daran, die Regeln zu befolgen.\",\"breadcrumb\":{\"@id\":\"https:\/\/powereffect.eu\/de\/verordnungen\/#breadcrumb\"},\"inLanguage\":\"de\",\"potentialAction\":[{\"@type\":\"ReadAction\",\"target\":[\"https:\/\/powereffect.eu\/de\/verordnungen\/\"]}]},{\"@type\":\"BreadcrumbList\",\"@id\":\"https:\/\/powereffect.eu\/de\/verordnungen\/#breadcrumb\",\"itemListElement\":[{\"@type\":\"ListItem\",\"position\":1,\"name\":\"Strona g\u0142\u00f3wna\",\"item\":\"https:\/\/powereffect.eu\/de\/\"},{\"@type\":\"ListItem\",\"position\":2,\"name\":\"Verordnungen\"}]},{\"@type\":\"WebSite\",\"@id\":\"https:\/\/powereffect.eu\/de\/#website\",\"url\":\"https:\/\/powereffect.eu\/de\/\",\"name\":\"Power Effect Europe - Instalacje elektryczne\",\"description\":\"Instalacje elektryczne dla budynk\u00f3w mieszkalnych i przemys\u0142u\",\"publisher\":{\"@id\":\"https:\/\/powereffect.eu\/de\/#organization\"},\"potentialAction\":[{\"@type\":\"SearchAction\",\"target\":{\"@type\":\"EntryPoint\",\"urlTemplate\":\"https:\/\/powereffect.eu\/de\/?s={search_term_string}\"},\"query-input\":\"required name=search_term_string\"}],\"inLanguage\":\"de\"},{\"@type\":\"Organization\",\"@id\":\"https:\/\/powereffect.eu\/de\/#organization\",\"name\":\"Power Effect Europe - Instalacje elektryczne\",\"url\":\"https:\/\/powereffect.eu\/de\/\",\"logo\":{\"@type\":\"ImageObject\",\"inLanguage\":\"de\",\"@id\":\"https:\/\/powereffect.eu\/de\/#\/schema\/logo\/image\/\",\"url\":\"https:\/\/powereffect.eu\/wp-content\/uploads\/2023\/04\/cropped-02_logo-podst_-przejscie-PEE_poziom.png\",\"contentUrl\":\"https:\/\/powereffect.eu\/wp-content\/uploads\/2023\/04\/cropped-02_logo-podst_-przejscie-PEE_poziom.png\",\"width\":512,\"height\":512,\"caption\":\"Power Effect Europe - Instalacje elektryczne\"},\"image\":{\"@id\":\"https:\/\/powereffect.eu\/de\/#\/schema\/logo\/image\/\"}}]}<\/script>\n<!-- \/ Yoast SEO plugin. -->","yoast_head_json":{"title":"Verordnungen - Power Effect Europe - Instalacje elektryczne","description":"Hier finden Sie alle Einzelheiten zu den Bedingungen, die f\u00fcr unsere Website gelten. Denken Sie daran, die Regeln zu befolgen.","robots":{"index":"index","follow":"follow","max-snippet":"max-snippet:-1","max-image-preview":"max-image-preview:large","max-video-preview":"max-video-preview:-1"},"canonical":"https:\/\/powereffect.eu\/de\/verordnungen\/","og_locale":"de_DE","og_type":"article","og_title":"Verordnungen - Power Effect Europe - Instalacje elektryczne","og_description":"Hier finden Sie alle Einzelheiten zu den Bedingungen, die f\u00fcr unsere Website gelten. Denken Sie daran, die Regeln zu befolgen.","og_url":"https:\/\/powereffect.eu\/de\/verordnungen\/","og_site_name":"Power Effect Europe - Instalacje elektryczne","article_modified_time":"2023-04-26T11:35:37+00:00","og_image":[{"width":840,"height":560,"url":"https:\/\/powereffect.eu\/wp-content\/uploads\/2023\/04\/pomoc-w-dokumentach.webp","type":"image\/webp"}],"twitter_card":"summary_large_image","twitter_misc":{"Gesch\u00e4tzte Lesezeit":"9\u00a0Minuten"},"schema":{"@context":"https:\/\/schema.org","@graph":[{"@type":"WebPage","@id":"https:\/\/powereffect.eu\/de\/verordnungen\/","url":"https:\/\/powereffect.eu\/de\/verordnungen\/","name":"Verordnungen - Power Effect Europe - Instalacje elektryczne","isPartOf":{"@id":"https:\/\/powereffect.eu\/de\/#website"},"datePublished":"2023-04-22T08:41:30+00:00","dateModified":"2023-04-26T11:35:37+00:00","description":"Hier finden Sie alle Einzelheiten zu den Bedingungen, die f\u00fcr unsere Website gelten. Denken Sie daran, die Regeln zu befolgen.","breadcrumb":{"@id":"https:\/\/powereffect.eu\/de\/verordnungen\/#breadcrumb"},"inLanguage":"de","potentialAction":[{"@type":"ReadAction","target":["https:\/\/powereffect.eu\/de\/verordnungen\/"]}]},{"@type":"BreadcrumbList","@id":"https:\/\/powereffect.eu\/de\/verordnungen\/#breadcrumb","itemListElement":[{"@type":"ListItem","position":1,"name":"Strona g\u0142\u00f3wna","item":"https:\/\/powereffect.eu\/de\/"},{"@type":"ListItem","position":2,"name":"Verordnungen"}]},{"@type":"WebSite","@id":"https:\/\/powereffect.eu\/de\/#website","url":"https:\/\/powereffect.eu\/de\/","name":"Power Effect Europe - Instalacje elektryczne","description":"Instalacje elektryczne dla budynk\u00f3w mieszkalnych i przemys\u0142u","publisher":{"@id":"https:\/\/powereffect.eu\/de\/#organization"},"potentialAction":[{"@type":"SearchAction","target":{"@type":"EntryPoint","urlTemplate":"https:\/\/powereffect.eu\/de\/?s={search_term_string}"},"query-input":"required name=search_term_string"}],"inLanguage":"de"},{"@type":"Organization","@id":"https:\/\/powereffect.eu\/de\/#organization","name":"Power Effect Europe - Instalacje elektryczne","url":"https:\/\/powereffect.eu\/de\/","logo":{"@type":"ImageObject","inLanguage":"de","@id":"https:\/\/powereffect.eu\/de\/#\/schema\/logo\/image\/","url":"https:\/\/powereffect.eu\/wp-content\/uploads\/2023\/04\/cropped-02_logo-podst_-przejscie-PEE_poziom.png","contentUrl":"https:\/\/powereffect.eu\/wp-content\/uploads\/2023\/04\/cropped-02_logo-podst_-przejscie-PEE_poziom.png","width":512,"height":512,"caption":"Power Effect Europe - Instalacje elektryczne"},"image":{"@id":"https:\/\/powereffect.eu\/de\/#\/schema\/logo\/image\/"}}]}},"_links":{"self":[{"href":"https:\/\/powereffect.eu\/de\/wp-json\/wp\/v2\/pages\/1425","targetHints":{"allow":["GET"]}}],"collection":[{"href":"https:\/\/powereffect.eu\/de\/wp-json\/wp\/v2\/pages"}],"about":[{"href":"https:\/\/powereffect.eu\/de\/wp-json\/wp\/v2\/types\/page"}],"author":[{"embeddable":true,"href":"https:\/\/powereffect.eu\/de\/wp-json\/wp\/v2\/users\/1"}],"replies":[{"embeddable":true,"href":"https:\/\/powereffect.eu\/de\/wp-json\/wp\/v2\/comments?post=1425"}],"version-history":[{"count":0,"href":"https:\/\/powereffect.eu\/de\/wp-json\/wp\/v2\/pages\/1425\/revisions"}],"wp:featuredmedia":[{"embeddable":true,"href":"https:\/\/powereffect.eu\/de\/wp-json\/wp\/v2\/media\/1227"}],"wp:attachment":[{"href":"https:\/\/powereffect.eu\/de\/wp-json\/wp\/v2\/media?parent=1425"}],"curies":[{"name":"wp","href":"https:\/\/api.w.org\/{rel}","templated":true}]}}